{"id":709,"date":"2025-03-26T16:14:44","date_gmt":"2025-03-26T15:14:44","guid":{"rendered":"https:\/\/www.villalucchesi.com\/about-us\/"},"modified":"2025-04-14T14:21:41","modified_gmt":"2025-04-14T12:21:41","slug":"chi-siamo","status":"publish","type":"page","link":"https:\/\/www.villalucchesi.com\/it\/chi-siamo\/","title":{"rendered":"Chi Siamo"},"content":{"rendered":"<section class=\"l-section wpb_row height_auto width_full\"><div class=\"l-section-h i-cf\"><div class=\"g-cols vc_row via_flex valign_top type_default stacking_default\"><div class=\"vc_col-sm-12 wpb_column vc_column_container\"><div class=\"vc_column-inner\"><div class=\"wpb_wrapper\"><section class=\"l-section wpb_row height_auto width_full with_img\"><div class=\"l-section-img\" role=\"img\" data-img-width=\"1600\" data-img-height=\"600\" style=\"background-image: url(https:\/\/www.villalucchesi.com\/wp-content\/uploads\/2025\/03\/about-us.jpg);\"><\/div><div class=\"l-section-overlay\" style=\"background:rgba(128,128,128,0.24)\"><\/div><div class=\"l-section-h i-cf\"><div class=\"g-cols vc_row via_flex valign_top type_default stacking_default\"><div class=\"vc_col-sm-12 wpb_column vc_column_container\"><div class=\"vc_column-inner\"><div class=\"wpb_wrapper\"><div class=\"w-vwrapper us_custom_0ee83976 align_center valign_middle\">[vc_custom_heading source=&#8221;post_title&#8221; font_container=&#8221;tag:h1|text_align:center|color:%23FFFFFF&#8221; use_theme_fonts=&#8221;yes&#8221; css=&#8221;%7B%22default%22%3A%7B%22margin-left%22%3A%220%22%2C%22margin-top%22%3A%220%22%2C%22margin-bottom%22%3A%220%22%2C%22margin-right%22%3A%220%22%2C%22padding-left%22%3A%220%22%2C%22padding-top%22%3A%220%22%2C%22padding-bottom%22%3A%220%22%2C%22padding-right%22%3A%220%22%7D%7D&#8221;]<\/div><\/div><\/div><\/div><\/div><\/div><\/section>\n<\/div><\/div><\/div><\/div><\/div><\/section><section class=\"l-section wpb_row height_medium\"><div class=\"l-section-h i-cf\"><div class=\"g-cols vc_row via_flex valign_top type_default stacking_default\"><div class=\"vc_col-sm-6 wpb_column vc_column_container\"><div class=\"vc_column-inner\"><div class=\"wpb_wrapper\"><div class=\"wpb_text_column\"><div class=\"wpb_wrapper\"><h2>Villa Lucchesi<\/h2>\n<\/div><\/div><div class=\"w-image us_custom_69561aa4 style_shadow-2 align_center\"><div class=\"w-image-h\"><div class=\"w-image-shadow\" style=\"background-image:url(https:\/\/www.villalucchesi.com\/wp-content\/uploads\/2025\/03\/abput-us-01.jpg);\"><\/div><img decoding=\"async\" width=\"600\" height=\"400\" src=\"https:\/\/www.villalucchesi.com\/wp-content\/uploads\/2025\/03\/abput-us-01.jpg\" class=\"attachment-full size-full\" alt=\"\" loading=\"lazy\" srcset=\"https:\/\/www.villalucchesi.com\/wp-content\/uploads\/2025\/03\/abput-us-01.jpg 600w, https:\/\/www.villalucchesi.com\/wp-content\/uploads\/2025\/03\/abput-us-01-300x200.jpg 300w, https:\/\/www.villalucchesi.com\/wp-content\/uploads\/2025\/03\/abput-us-01-20x13.jpg 20w\" sizes=\"auto, (max-width: 600px) 100vw, 600px\" \/><\/div><\/div><div class=\"wpb_text_column\"><div class=\"wpb_wrapper\"><p>Risalente al 1850, Villa Lucchesi \u00e8 stata profondamente rinnovata nei primi mesi del 2015. La villa \u00e8 stata riaperta dai nuovi proprietari in Aprile, offrendo un lussuoso Bed &amp; Breakfast in stile boutique nella storica cittadina termale di Bagni di Lucca.<\/p>\n<p>La villa dispone di un giardino tranquillo e camere spaziose ed eleganti, con vista delle montagne circostanti. I proprietari, Irina e Mimmo hanno un background internazionale e sono ansiosi di accogliere ospiti provenienti da tutto il mondo. Sono molto appassionati ed offrono un ambiente caldo ed accogliente in grado di fornire un eccezionale livello di ospitalit\u00e0<\/p>\n<\/div><\/div><\/div><\/div><\/div><div class=\"vc_col-sm-6 wpb_column vc_column_container\"><div class=\"vc_column-inner\"><div class=\"wpb_wrapper\"><div class=\"wpb_text_column\"><div class=\"wpb_wrapper\"><h2>Il Nostro Territorio<\/h2>\n<\/div><\/div><div class=\"w-image us_custom_69561aa4 style_shadow-2 align_center\"><div class=\"w-image-h\"><div class=\"w-image-shadow\" style=\"background-image:url(https:\/\/www.villalucchesi.com\/wp-content\/uploads\/2025\/03\/abput-us-02.jpg);\"><\/div><img decoding=\"async\" width=\"600\" height=\"400\" src=\"https:\/\/www.villalucchesi.com\/wp-content\/uploads\/2025\/03\/abput-us-02.jpg\" class=\"attachment-full size-full\" alt=\"\" loading=\"lazy\" srcset=\"https:\/\/www.villalucchesi.com\/wp-content\/uploads\/2025\/03\/abput-us-02.jpg 600w, https:\/\/www.villalucchesi.com\/wp-content\/uploads\/2025\/03\/abput-us-02-300x200.jpg 300w, https:\/\/www.villalucchesi.com\/wp-content\/uploads\/2025\/03\/abput-us-02-20x13.jpg 20w\" sizes=\"auto, (max-width: 600px) 100vw, 600px\" \/><\/div><\/div><div class=\"wpb_text_column\"><div class=\"wpb_wrapper\"><p>Bagni di Lucca \u00e8 situata ai piedi della catena montuosa appenninica tra Toscana ed Emilia Romagna, circondata da villaggi pittoreschi e suggestivi. E\u2019 il pi\u00f9 grande comune montano d\u2019Italia, al centro della bellissima vallata verde del torrente Lima.<\/p>\n<p>Bagni di Lucca era tra le mete preferite dei reali e nobilt\u00e0 di tutta l\u2019Europa durante il 19mo secolo. Molti scrittori e musicisti famosi hanno visitato e soggiornato qui, tra cui Lord Byron, Shelley, Puccini, Strauss e Paganini. Gran parte del fascino e l\u2019eleganza di questa epoca passata rimane ancora intatta in questa zona incontaminata \u2013 tra cui il primo casino d\u2019Europa, che \u00e8 stato splendidamente restaurato.<\/p>\n<\/div><\/div><\/div><\/div><\/div><\/div><\/div><\/section><section class=\"l-section wpb_row height_medium color_alternate\"><div class=\"l-section-h i-cf\"><div class=\"g-cols vc_row via_flex valign_top type_default stacking_default\"><div class=\"vc_col-sm-6 wpb_column vc_column_container\"><div class=\"vc_column-inner\"><div class=\"wpb_wrapper\"><div class=\"w-iconbox us_custom_2ef9a377 iconpos_left style_default color_primary align_left no_text\"><div class=\"w-iconbox-icon\" style=\"font-size:1.5rem;\"><i class=\"fas fa-map-marker-alt\"><\/i><\/div><div class=\"w-iconbox-meta\"><div class=\"w-iconbox-title\">Come raggiungerci<\/div><\/div><\/div><div class=\"w-separator size_custom\" style=\"height:20px\"><\/div><div class=\"wpb_text_column\"><div class=\"wpb_wrapper\"><p>Gli aeroporti pi\u00f9 vicini sono quelli di Pisa e Firenze, a circa un\u2019ora di guida. Bagni di Lucca \u00e8 facilmente raggiungibile anche con i trasporti pubblici, pullman e treni con partenze da Pisa e Lucca. Allo stesso modo \u00e8 possibile raggiungere Viareggio e la costa della Versilia. La stazione ferroviaria dista poco pi\u00f9 di un km. dalla villa e la fermata del pullman \u00e8 a soli 30 metri di distanza.<\/p>\n<\/div><\/div><\/div><\/div><\/div><div class=\"vc_col-sm-6 wpb_column vc_column_container\"><div class=\"vc_column-inner\"><div class=\"wpb_wrapper\"><div class=\"w-iconbox us_custom_6912fac6 iconpos_left style_default color_primary align_left no_text\"><div class=\"w-iconbox-icon\" style=\"font-size:1.5rem;\"><i class=\"fas fa-concierge-bell\"><\/i><\/div><div class=\"w-iconbox-meta\"><div class=\"w-iconbox-title\">I Nostri servizi<\/div><\/div><\/div><div class=\"w-separator size_custom\" style=\"height:20px\"><\/div><div class=\"wpb_text_column\"><div class=\"wpb_wrapper\"><ul>\n<li>Prima colazione inclusa<\/li>\n<li>Ampia disponibilit\u00e0 di parcheggio auto esterno<\/li>\n<li>Wi-Fi<\/li>\n<li>Private Sauna (Dolce Vita room)<\/li>\n<li>Utilizzo giardino<\/li>\n<li>Transfer da\/per aeroporto, stazione ferroviarie (a pagamento)<\/li>\n<\/ul>\n<\/div><\/div><\/div><\/div><\/div><\/div><\/div><\/section>\n","protected":false},"excerpt":{"rendered":"[vc_custom_heading source=&#8221;post_title&#8221; font_container=&#8221;tag:h1|text_align:center|color:%23FFFFFF&#8221; use_theme_fonts=&#8221;yes&#8221; css=&#8221;%7B%22default%22%3A%7B%22margin-left%22%3A%220%22%2C%22margin-top%22%3A%220%22%2C%22margin-bottom%22%3A%220%22%2C%22margin-right%22%3A%220%22%2C%22padding-left%22%3A%220%22%2C%22padding-top%22%3A%220%22%2C%22padding-bottom%22%3A%220%22%2C%22padding-right%22%3A%220%22%7D%7D&#8221;] Villa Lucchesi Risalente al 1850, Villa Lucchesi \u00e8 stata profondamente rinnovata nei primi mesi del 2015. La villa \u00e8 stata riaperta dai nuovi proprietari in Aprile, offrendo un lussuoso Bed &amp; Breakfast in stile boutique nella storica cittadina termale di Bagni di Lucca. La villa dispone di un giardino tranquillo...","protected":false},"author":1,"featured_media":630,"parent":0,"menu_order":0,"comment_status":"closed","ping_status":"closed","template":"","meta":{"footnotes":""},"class_list":["post-709","page","type-page","status-publish","has-post-thumbnail","hentry"],"yoast_head":"<!-- This site is optimized with the Yoast SEO plugin v27.2 - https:\/\/yoast.com\/product\/yoast-seo-wordpress\/ -->\n<title>Villa Lucchesi | Chi Siamo - Villa Lucchesi<\/title>\n<meta name=\"description\" content=\"Villa Lucchesi offre lussuosi alloggi in stile boutique con prima colazione nella storica citt\u00e0 termale toscana di Bagni di Lucca\" \/>\n<meta name=\"robots\" content=\"index, follow, max-snippet:-1, max-image-preview:large, max-video-preview:-1\" \/>\n<link rel=\"canonical\" href=\"https:\/\/www.villalucchesi.com\/it\/chi-siamo\/\" \/>\n<meta property=\"og:locale\" content=\"it_IT\" \/>\n<meta property=\"og:type\" content=\"article\" \/>\n<meta property=\"og:title\" content=\"Villa Lucchesi | Chi Siamo - Villa Lucchesi\" \/>\n<meta property=\"og:description\" content=\"Villa Lucchesi offre lussuosi alloggi in stile boutique con prima colazione nella storica citt\u00e0 termale toscana di Bagni di Lucca\" \/>\n<meta property=\"og:url\" content=\"https:\/\/www.villalucchesi.com\/it\/chi-siamo\/\" \/>\n<meta property=\"og:site_name\" content=\"Villa Lucchesi\" \/>\n<meta property=\"article:modified_time\" content=\"2025-04-14T12:21:41+00:00\" \/>\n<meta property=\"og:image\" content=\"https:\/\/www.villalucchesi.com\/wp-content\/uploads\/2025\/03\/about-us.jpg\" \/>\n\t<meta property=\"og:image:width\" content=\"1600\" \/>\n\t<meta property=\"og:image:height\" content=\"600\" \/>\n\t<meta property=\"og:image:type\" content=\"image\/jpeg\" \/>\n<meta name=\"twitter:card\" content=\"summary_large_image\" \/>\n<meta name=\"twitter:label1\" content=\"Tempo di lettura stimato\" \/>\n\t<meta name=\"twitter:data1\" content=\"3 minuti\" \/>\n<script type=\"application\/ld+json\" class=\"yoast-schema-graph\">{\"@context\":\"https:\/\/schema.org\",\"@graph\":[{\"@type\":\"WebPage\",\"@id\":\"https:\/\/www.villalucchesi.com\/it\/chi-siamo\/\",\"url\":\"https:\/\/www.villalucchesi.com\/it\/chi-siamo\/\",\"name\":\"Villa Lucchesi | Chi Siamo - Villa Lucchesi\",\"isPartOf\":{\"@id\":\"https:\/\/www.villalucchesi.com\/it\/#website\"},\"primaryImageOfPage\":{\"@id\":\"https:\/\/www.villalucchesi.com\/it\/chi-siamo\/#primaryimage\"},\"image\":{\"@id\":\"https:\/\/www.villalucchesi.com\/it\/chi-siamo\/#primaryimage\"},\"thumbnailUrl\":\"https:\/\/www.villalucchesi.com\/wp-content\/uploads\/2025\/03\/about-us.jpg\",\"datePublished\":\"2025-03-26T15:14:44+00:00\",\"dateModified\":\"2025-04-14T12:21:41+00:00\",\"description\":\"Villa Lucchesi offre lussuosi alloggi in stile boutique con prima colazione nella storica citt\u00e0 termale toscana di Bagni di Lucca\",\"breadcrumb\":{\"@id\":\"https:\/\/www.villalucchesi.com\/it\/chi-siamo\/#breadcrumb\"},\"inLanguage\":\"it-IT\",\"potentialAction\":[{\"@type\":\"ReadAction\",\"target\":[\"https:\/\/www.villalucchesi.com\/it\/chi-siamo\/\"]}]},{\"@type\":\"ImageObject\",\"inLanguage\":\"it-IT\",\"@id\":\"https:\/\/www.villalucchesi.com\/it\/chi-siamo\/#primaryimage\",\"url\":\"https:\/\/www.villalucchesi.com\/wp-content\/uploads\/2025\/03\/about-us.jpg\",\"contentUrl\":\"https:\/\/www.villalucchesi.com\/wp-content\/uploads\/2025\/03\/about-us.jpg\",\"width\":1600,\"height\":600},{\"@type\":\"BreadcrumbList\",\"@id\":\"https:\/\/www.villalucchesi.com\/it\/chi-siamo\/#breadcrumb\",\"itemListElement\":[{\"@type\":\"ListItem\",\"position\":1,\"name\":\"Home\",\"item\":\"https:\/\/www.villalucchesi.com\/it\/\"},{\"@type\":\"ListItem\",\"position\":2,\"name\":\"Chi Siamo\"}]},{\"@type\":\"WebSite\",\"@id\":\"https:\/\/www.villalucchesi.com\/it\/#website\",\"url\":\"https:\/\/www.villalucchesi.com\/it\/\",\"name\":\"Villa Lucchesi\",\"description\":\"\",\"potentialAction\":[{\"@type\":\"SearchAction\",\"target\":{\"@type\":\"EntryPoint\",\"urlTemplate\":\"https:\/\/www.villalucchesi.com\/it\/?s={search_term_string}\"},\"query-input\":{\"@type\":\"PropertyValueSpecification\",\"valueRequired\":true,\"valueName\":\"search_term_string\"}}],\"inLanguage\":\"it-IT\"}]}<\/script>\n<!-- \/ Yoast SEO plugin. -->","yoast_head_json":{"title":"Villa Lucchesi | Chi Siamo - Villa Lucchesi","description":"Villa Lucchesi offre lussuosi alloggi in stile boutique con prima colazione nella storica citt\u00e0 termale toscana di Bagni di Lucca","robots":{"index":"index","follow":"follow","max-snippet":"max-snippet:-1","max-image-preview":"max-image-preview:large","max-video-preview":"max-video-preview:-1"},"canonical":"https:\/\/www.villalucchesi.com\/it\/chi-siamo\/","og_locale":"it_IT","og_type":"article","og_title":"Villa Lucchesi | Chi Siamo - Villa Lucchesi","og_description":"Villa Lucchesi offre lussuosi alloggi in stile boutique con prima colazione nella storica citt\u00e0 termale toscana di Bagni di Lucca","og_url":"https:\/\/www.villalucchesi.com\/it\/chi-siamo\/","og_site_name":"Villa Lucchesi","article_modified_time":"2025-04-14T12:21:41+00:00","og_image":[{"width":1600,"height":600,"url":"https:\/\/www.villalucchesi.com\/wp-content\/uploads\/2025\/03\/about-us.jpg","type":"image\/jpeg"}],"twitter_card":"summary_large_image","twitter_misc":{"Tempo di lettura stimato":"3 minuti"},"schema":{"@context":"https:\/\/schema.org","@graph":[{"@type":"WebPage","@id":"https:\/\/www.villalucchesi.com\/it\/chi-siamo\/","url":"https:\/\/www.villalucchesi.com\/it\/chi-siamo\/","name":"Villa Lucchesi | Chi Siamo - Villa Lucchesi","isPartOf":{"@id":"https:\/\/www.villalucchesi.com\/it\/#website"},"primaryImageOfPage":{"@id":"https:\/\/www.villalucchesi.com\/it\/chi-siamo\/#primaryimage"},"image":{"@id":"https:\/\/www.villalucchesi.com\/it\/chi-siamo\/#primaryimage"},"thumbnailUrl":"https:\/\/www.villalucchesi.com\/wp-content\/uploads\/2025\/03\/about-us.jpg","datePublished":"2025-03-26T15:14:44+00:00","dateModified":"2025-04-14T12:21:41+00:00","description":"Villa Lucchesi offre lussuosi alloggi in stile boutique con prima colazione nella storica citt\u00e0 termale toscana di Bagni di Lucca","breadcrumb":{"@id":"https:\/\/www.villalucchesi.com\/it\/chi-siamo\/#breadcrumb"},"inLanguage":"it-IT","potentialAction":[{"@type":"ReadAction","target":["https:\/\/www.villalucchesi.com\/it\/chi-siamo\/"]}]},{"@type":"ImageObject","inLanguage":"it-IT","@id":"https:\/\/www.villalucchesi.com\/it\/chi-siamo\/#primaryimage","url":"https:\/\/www.villalucchesi.com\/wp-content\/uploads\/2025\/03\/about-us.jpg","contentUrl":"https:\/\/www.villalucchesi.com\/wp-content\/uploads\/2025\/03\/about-us.jpg","width":1600,"height":600},{"@type":"BreadcrumbList","@id":"https:\/\/www.villalucchesi.com\/it\/chi-siamo\/#breadcrumb","itemListElement":[{"@type":"ListItem","position":1,"name":"Home","item":"https:\/\/www.villalucchesi.com\/it\/"},{"@type":"ListItem","position":2,"name":"Chi Siamo"}]},{"@type":"WebSite","@id":"https:\/\/www.villalucchesi.com\/it\/#website","url":"https:\/\/www.villalucchesi.com\/it\/","name":"Villa Lucchesi","description":"","potentialAction":[{"@type":"SearchAction","target":{"@type":"EntryPoint","urlTemplate":"https:\/\/www.villalucchesi.com\/it\/?s={search_term_string}"},"query-input":{"@type":"PropertyValueSpecification","valueRequired":true,"valueName":"search_term_string"}}],"inLanguage":"it-IT"}]}},"_links":{"self":[{"href":"https:\/\/www.villalucchesi.com\/it\/wp-json\/wp\/v2\/pages\/709","targetHints":{"allow":["GET"]}}],"collection":[{"href":"https:\/\/www.villalucchesi.com\/it\/wp-json\/wp\/v2\/pages"}],"about":[{"href":"https:\/\/www.villalucchesi.com\/it\/wp-json\/wp\/v2\/types\/page"}],"author":[{"embeddable":true,"href":"https:\/\/www.villalucchesi.com\/it\/wp-json\/wp\/v2\/users\/1"}],"replies":[{"embeddable":true,"href":"https:\/\/www.villalucchesi.com\/it\/wp-json\/wp\/v2\/comments?post=709"}],"version-history":[{"count":6,"href":"https:\/\/www.villalucchesi.com\/it\/wp-json\/wp\/v2\/pages\/709\/revisions"}],"predecessor-version":[{"id":803,"href":"https:\/\/www.villalucchesi.com\/it\/wp-json\/wp\/v2\/pages\/709\/revisions\/803"}],"wp:featuredmedia":[{"embeddable":true,"href":"https:\/\/www.villalucchesi.com\/it\/wp-json\/wp\/v2\/media\/630"}],"wp:attachment":[{"href":"https:\/\/www.villalucchesi.com\/it\/wp-json\/wp\/v2\/media?parent=709"}],"curies":[{"name":"wp","href":"https:\/\/api.w.org\/{rel}","templated":true}]}}